{"id":305,"date":"2019-07-07T18:07:32","date_gmt":"2019-07-07T16:07:32","guid":{"rendered":"http:\/\/www.franziskusstiftung-kreuzburg.de\/cms\/?page_id=305"},"modified":"2019-09-06T07:13:32","modified_gmt":"2019-09-06T05:13:32","slug":"startseite","status":"publish","type":"page","link":"https:\/\/www.franziskus-stiftung-kreuzburg.de\/cms\/","title":{"rendered":"Herzlich willkommen"},"content":{"rendered":"<div class=\"slider-wrapper theme-light\"><div class=\"ribbon\"><\/div><div id=\"nivoslider-uBe9N-361\" class=\"nivoSlider\"><img decoding=\"async\" src=\"https:\/\/www.franziskus-stiftung-kreuzburg.de\/cms\/wp-content\/uploads\/2019\/07\/stiftung_slider1.jpg\" alt=\"\" \/><\/div><\/div><script type=\"text\/javascript\">\nwindow.onload = function(){\n    jQuery(\"#nivoslider-uBe9N-361 img\").css(\"position\",\"relative\").show();\n}\n<\/script>\n\r\n\r\n<p>auf der Webseite der <strong>Franziskus-Stiftung Kreuzburg<\/strong>.<\/p>\r\n<p>Die Franziskus-Stiftung Kreuzburg wurde zum 17.07.2019 vom Regierungspr\u00e4sidium Darmstadt errichtet.<\/p>\r\n<p>Die Deutsche Franziskanerprovinz Kd\u00f6R beabsichtigte mit der Gr\u00fcndung der Franziskus-Stiftung Kreuzburg, die Bildung und Erziehung von Menschen auf der Grundlage der Franziskanischen Spiritualit\u00e4t bei sich ver\u00e4ndernden Rahmenbedingungen an der Kreuzburg langfristig abzusichern.<\/p>\r\n<p>Zudem hat\u00a0 die Stiftung die M\u00f6glichkeit erhalten, andere Vorhaben im Sinne des Zwecks der Stiftung zu f\u00f6rdern und zu betreiben, insbesondere zur Bildung und Erziehung zu einer christlichen Lebensgestaltung und Weltverantwortung.<\/p>\r\n\r\n<hr \/>\r\n<style>.wp-show-posts-columns#wpsp-364 {margin-left: -2em; }.wp-show-posts-columns#wpsp-364 .wp-show-posts-inner {margin: 0 0 2em 2em; }<\/style><section id=\"wpsp-364\" class=\" wp-show-posts-columns wp-show-posts\" style=\"\"><article class=\" wp-show-posts-single post-597 post type-post status-publish format-standard hentry category-allgemein wpsp-col-4\" itemtype=\"http:\/\/schema.org\/CreativeWork\" itemscope><div class=\"wp-show-posts-inner\" style=\"\">\t\t\t\t\t\t<header class=\"wp-show-posts-entry-header\">\n\t\t\t\t\t\t\t<h2 class=\"wp-show-posts-entry-title\" itemprop=\"headline\"><a href=\"https:\/\/www.franziskus-stiftung-kreuzburg.de\/cms\/2026\/02\/25\/die-franziskus-stiftung-kreuzburg-unterstuetzt-aufarbeitung\/\" rel=\"bookmark\">Die Franziskus-Stiftung Kreuzburg unterst\u00fctzt Aufarbeitung<\/a><\/h2><div class=\"wp-show-posts-entry-meta wp-show-posts-entry-meta-below-title post-meta-inline\"><span class=\"wp-show-posts-posted-on wp-show-posts-meta\">\n\t\t\t\t\t<a href=\"https:\/\/www.franziskus-stiftung-kreuzburg.de\/cms\/2026\/02\/25\/die-franziskus-stiftung-kreuzburg-unterstuetzt-aufarbeitung\/\" title=\"14:16\" rel=\"bookmark\"><time class=\"wp-show-posts-entry-date published\" datetime=\"2026-02-25T14:16:40+01:00\" itemprop=\"datePublished\">25. Februar 2026<\/time><time class=\"wp-show-posts-updated\" datetime=\"2026-02-25T18:26:44+01:00\" itemprop=\"dateModified\">25. Februar 2026<\/time><\/a>\n\t\t\t\t<\/span><\/div>\t\t\t\t\t\t<\/header><!-- .entry-header -->\n\t\t\t\t\t\t\t\t\t\t\t<div class=\"wp-show-posts-entry-summary\" itemprop=\"text\">\n\t\t\t\t\t\t\t<p>Die Franziskus-Stiftung Kreuzburg unterst\u00fctzt als Tr\u00e4gerin des Franziskanergymnasiums Kreuzburg den Aufarbeitungsprozess der Deutschen Franziskanerprovinz in Bezug auf sexualisierte Gewalt uneingeschr\u00e4nkt. Sie ist dem M\u00fcnchner Institut f\u00fcr Praxisforschung und Projektberatung (ipp)&#8230;<\/p>\n\t\t\t\t\t\t<\/div><!-- .entry-summary -->\n\t\t\t\t\t<\/div><!-- wp-show-posts-inner --><\/article><article class=\" wp-show-posts-single post-521 post type-post status-publish format-standard hentry category-allgemein wpsp-col-4\" itemtype=\"http:\/\/schema.org\/CreativeWork\" itemscope><div class=\"wp-show-posts-inner\" style=\"\">\t\t\t\t\t\t<header class=\"wp-show-posts-entry-header\">\n\t\t\t\t\t\t\t<h2 class=\"wp-show-posts-entry-title\" itemprop=\"headline\"><a href=\"https:\/\/www.franziskus-stiftung-kreuzburg.de\/cms\/2019\/11\/12\/franziskaner-uebergeben-ihre-schule-an-eine-stiftung-langjaehriger-geschaeftsfuehrer-der-schule-wird-verabschiedet\/\" rel=\"bookmark\">Franziskaner \u00fcbergeben ihre Schule an eine Stiftung \u2013 langj\u00e4hriger Gesch\u00e4ftsf\u00fchrer der Schule wird verabschiedet<\/a><\/h2><div class=\"wp-show-posts-entry-meta wp-show-posts-entry-meta-below-title post-meta-inline\"><span class=\"wp-show-posts-posted-on wp-show-posts-meta\">\n\t\t\t\t\t<a href=\"https:\/\/www.franziskus-stiftung-kreuzburg.de\/cms\/2019\/11\/12\/franziskaner-uebergeben-ihre-schule-an-eine-stiftung-langjaehriger-geschaeftsfuehrer-der-schule-wird-verabschiedet\/\" title=\"20:08\" rel=\"bookmark\"><time class=\"wp-show-posts-entry-date published\" datetime=\"2019-11-12T20:08:42+01:00\" itemprop=\"datePublished\">12. November 2019<\/time><time class=\"wp-show-posts-updated\" datetime=\"2026-02-25T18:26:59+01:00\" itemprop=\"dateModified\">25. Februar 2026<\/time><\/a>\n\t\t\t\t<\/span><\/div>\t\t\t\t\t\t<\/header><!-- .entry-header -->\n\t\t\t\t\t\t\t\t\t\t\t<div class=\"wp-show-posts-entry-summary\" itemprop=\"text\">\n\t\t\t\t\t\t\t<p>Die Beendigung einer \u00c4ra und den Beginn einer neuen Tr\u00e4gerstruktur feierte die Kreuzburg, Gro\u00dfkrotzenburg am letzten Freitag. In einem Festakt \u00fcberreichte die Regierungspr\u00e4sidentin Brigitte Lindscheid die Urkunde zur Errichtung der&#8230;<\/p>\n\t\t\t\t\t\t<\/div><!-- .entry-summary -->\n\t\t\t\t\t<\/div><!-- wp-show-posts-inner --><\/article><article class=\" wp-show-posts-single post-517 post type-post status-publish format-standard hentry category-allgemein wpsp-col-4\" itemtype=\"http:\/\/schema.org\/CreativeWork\" itemscope><div class=\"wp-show-posts-inner\" style=\"\">\t\t\t\t\t\t<header class=\"wp-show-posts-entry-header\">\n\t\t\t\t\t\t\t<h2 class=\"wp-show-posts-entry-title\" itemprop=\"headline\"><a href=\"https:\/\/www.franziskus-stiftung-kreuzburg.de\/cms\/2019\/10\/26\/neue-dokumente-auf-der-homepage\/\" rel=\"bookmark\">Neue Dokumente auf der Homepage<\/a><\/h2><div class=\"wp-show-posts-entry-meta wp-show-posts-entry-meta-below-title post-meta-inline\"><span class=\"wp-show-posts-posted-on wp-show-posts-meta\">\n\t\t\t\t\t<a href=\"https:\/\/www.franziskus-stiftung-kreuzburg.de\/cms\/2019\/10\/26\/neue-dokumente-auf-der-homepage\/\" title=\"8:59\" rel=\"bookmark\"><time class=\"wp-show-posts-entry-date published\" datetime=\"2019-10-26T08:59:09+02:00\" itemprop=\"datePublished\">26. Oktober 2019<\/time><time class=\"wp-show-posts-updated\" datetime=\"2026-02-25T18:27:03+01:00\" itemprop=\"dateModified\">25. Februar 2026<\/time><\/a>\n\t\t\t\t<\/span><\/div>\t\t\t\t\t\t<\/header><!-- .entry-header -->\n\t\t\t\t\t\t\t\t\t\t\t<div class=\"wp-show-posts-entry-summary\" itemprop=\"text\">\n\t\t\t\t\t\t\t<p>Liebe Besucher, im Downloadbereich finden Sie nun zwei neue Dokumente. Zum Einen findet sich dort eine Informationsbroch\u00fcre zu den M\u00f6glichkeiten des Zustiftens und Spendens, zum anderen ein Informationsflyer \u00fcber die&#8230;<\/p>\n\t\t\t\t\t\t<\/div><!-- .entry-summary -->\n\t\t\t\t\t<\/div><!-- wp-show-posts-inner --><\/article><article class=\" wp-show-posts-single post-497 post type-post status-publish format-standard hentry category-allgemein wpsp-col-4\" itemtype=\"http:\/\/schema.org\/CreativeWork\" itemscope><div class=\"wp-show-posts-inner\" style=\"\">\t\t\t\t\t\t<header class=\"wp-show-posts-entry-header\">\n\t\t\t\t\t\t\t<h2 class=\"wp-show-posts-entry-title\" itemprop=\"headline\"><a href=\"https:\/\/www.franziskus-stiftung-kreuzburg.de\/cms\/2019\/09\/06\/neue-webseite-online\/\" rel=\"bookmark\">Neue Webseite online<\/a><\/h2><div class=\"wp-show-posts-entry-meta wp-show-posts-entry-meta-below-title post-meta-inline\"><span class=\"wp-show-posts-posted-on wp-show-posts-meta\">\n\t\t\t\t\t<a href=\"https:\/\/www.franziskus-stiftung-kreuzburg.de\/cms\/2019\/09\/06\/neue-webseite-online\/\" title=\"7:17\" rel=\"bookmark\"><time class=\"wp-show-posts-entry-date published\" datetime=\"2019-09-06T07:17:07+02:00\" itemprop=\"datePublished\">6. September 2019<\/time><time class=\"wp-show-posts-updated\" datetime=\"2026-02-25T18:27:09+01:00\" itemprop=\"dateModified\">25. Februar 2026<\/time><\/a>\n\t\t\t\t<\/span><\/div>\t\t\t\t\t\t<\/header><!-- .entry-header -->\n\t\t\t\t\t\t\t\t\t\t\t<div class=\"wp-show-posts-entry-summary\" itemprop=\"text\">\n\t\t\t\t\t\t\t<p>Wir begr\u00fc\u00dfen Sie auf der neuen Webseite der Franziskus-Stiftung Kreuzburg. Bitte w\u00e4hlen Sie aus dem oberen Men\u00fc aus. Wenn Sie Fragen oder Anregungen haben oder weitere Informationen zu Spenden und&#8230;<\/p>\n\t\t\t\t\t\t<\/div><!-- .entry-summary -->\n\t\t\t\t\t<\/div><!-- wp-show-posts-inner --><\/article><div class=\"wpsp-clear\"><\/div><\/section><!-- .wp-show-posts -->","protected":false},"excerpt":{"rendered":"<p>auf der Webseite der Franziskus-Stiftung Kreuzburg. Die Franziskus-Stiftung Kreuzburg wurde zum 17.07.2019 vom Regierungspr\u00e4sidium Darmstadt errichtet. Die Deutsche Franziskanerprovinz Kd\u00f6R beabsichtigte mit der Gr\u00fcndung der Franziskus-Stiftung Kreuzburg, die Bildung und Erziehung von Menschen auf der Grundlage der Franziskanischen Spiritualit\u00e4t bei<\/p>\n","protected":false},"author":1,"featured_media":0,"parent":0,"menu_order":0,"comment_status":"closed","ping_status":"closed","template":"","meta":{"ngg_post_thumbnail":0,"footnotes":""},"class_list":["post-305","page","type-page","status-publish","hentry"],"_links":{"self":[{"href":"https:\/\/www.franziskus-stiftung-kreuzburg.de\/cms\/wp-json\/wp\/v2\/pages\/305","targetHints":{"allow":["GET"]}}],"collection":[{"href":"https:\/\/www.franziskus-stiftung-kreuzburg.de\/cms\/wp-json\/wp\/v2\/pages"}],"about":[{"href":"https:\/\/www.franziskus-stiftung-kreuzburg.de\/cms\/wp-json\/wp\/v2\/types\/page"}],"author":[{"embeddable":true,"href":"https:\/\/www.franziskus-stiftung-kreuzburg.de\/cms\/wp-json\/wp\/v2\/users\/1"}],"replies":[{"embeddable":true,"href":"https:\/\/www.franziskus-stiftung-kreuzburg.de\/cms\/wp-json\/wp\/v2\/comments?post=305"}],"version-history":[{"count":23,"href":"https:\/\/www.franziskus-stiftung-kreuzburg.de\/cms\/wp-json\/wp\/v2\/pages\/305\/revisions"}],"predecessor-version":[{"id":494,"href":"https:\/\/www.franziskus-stiftung-kreuzburg.de\/cms\/wp-json\/wp\/v2\/pages\/305\/revisions\/494"}],"wp:attachment":[{"href":"https:\/\/www.franziskus-stiftung-kreuzburg.de\/cms\/wp-json\/wp\/v2\/media?parent=305"}],"curies":[{"name":"wp","href":"https:\/\/api.w.org\/{rel}","templated":true}]}}