{"id":373,"date":"2019-07-09T08:50:57","date_gmt":"2019-07-09T06:50:57","guid":{"rendered":"http:\/\/www.franziskusstiftung-kreuzburg.de\/cms\/?page_id=373"},"modified":"2019-10-26T08:56:22","modified_gmt":"2019-10-26T06:56:22","slug":"satzung-ziele-der-stiftung","status":"publish","type":"page","link":"https:\/\/www.franziskus-stiftung-kreuzburg.de\/cms\/satzung-ziele-der-stiftung\/","title":{"rendered":"Satzung &#8211; Ziele der Stiftung"},"content":{"rendered":"<p>Die Satzung der Franziskus-Stiftung Kreuzburg<\/p>\n<p>Die Satzung legt die grundlegenden rechtlichen Bestimmungen f\u00fcr die Franziskus-Stiftung Kreuzburg als K\u00f6rperschaft des \u00f6ffentlichen Rechts fest. Sie wurde zum 17.07.2019 errichtet und vom zust\u00e4ndigen Regierungspr\u00e4sident in Darmstadt anerkannt.<\/p>\n<p>Insbesondere regelt die Satzung die Aufgaben der Stiftung, ihre Gemeinn\u00fctzigkeit, den Erhalt des Stiftungsverm\u00f6gens und Zusammensetzung und Aufgaben von Stiftungsrat und Stiftungsvorstand. Sie steht Ihnen als PDF-Datei am Ende der Seite als Download zur Verf\u00fcgung.<\/p>\n<p>Die Ziele der Franziskus-Stiftung Kreuzburg sind gem. \u00a7 2 der Stiftungssatzung:<\/p>\n<p>Der Zweck der Stiftung wird insbesondere verwirklicht durch die F\u00f6rderung:<\/p>\n<ul class=\"my_list\" style=\"list-style-type: lower-alpha;\">\n<li>der Bildung und Erziehung von Menschen zu einer christlichen Lebensgestaltung und Weltverantwortung auf der Grundlage des christlichen Glaubens und der franziskanischen Spiritualit\u00e4t.<\/li>\n<li>der schulischen und au\u00dferschulischen Jugend- und Familienbildung und die Bereitstellung besonderer Hilfen zur Unterst\u00fctzung der Erziehung und Bildung in Schule und Familien<\/li>\n<li>der Aus-, Fort- und Weiterbildung von Menschen, die in den genannten Bereichen t\u00e4tig sind<\/li>\n<li>der Unterst\u00fctzung der Franziskanergymnasium Kreuzburg gGmbH<\/li>\n<li>die Unterst\u00fctzung von Institutionen und Einrichtungen i. S. d. \u00a7 58 Nr. 1 AO, die vergleichbare Zwecke f\u00f6rdern und verfolgen,<\/li>\n<li>die Beschaffung von Mitteln i. S. d. \u00a7 58 Nr. 1 AO f\u00fcr die Verwirklichung satzungsgem\u00e4\u00dfer Zwecke i. S. d. \u00a7 2 durch eine andere steuerbeg\u00fcnstigte K\u00f6rperschaft oder durch eine juristische Person des \u00f6ffentlichen Rechts.<\/li>\n<\/ul>\n<p><div class=\"bfd-single-download\" id=\"bfd-single-download-482\">\n\t\t<div class=\"bfd-single-row\">\n\n\t\t\t\t <div class=\"bfd-column bfd-single-button-container\">\n\t\t \t\t\t\t \t\t<a href=\"https:\/\/www.franziskus-stiftung-kreuzburg.de\/cms\/bfd_download\/satzung-der-franziskus-stiftung-kreuzburg\/\" title=\"Download Satzung der Franziskus-Stiftung Kreuzburg\" class=\"bfd-svg-container bfd-single-download-btn\" download >\n\t\t\t\t \t<svg xmlns=\"http:\/\/www.w3.org\/2000\/svg\" width=\"28\" height=\"30\" viewBox=\"0 0 28 30\" version=\"1.1\"><g stroke=\"none\" stroke-width=\"1\" fill=\"none\" fill-rule=\"evenodd\"><g transform=\"translate(-6.000000, -5.000000)\" fill=\"currentColor\"><path d=\"M26.7 21.7L21.7 21.7 21.7 5 18.3 5 18.3 21.7 13.3 21.7 20 28.3 26.7 21.7 26.7 21.7ZM6.7 31.7L6.7 35 33.3 35 33.3 31.7 6.7 31.7 6.7 31.7Z\"\/><\/g><\/g><\/svg>\n\t\t\t\t<\/a>\n\t\t\t\t\t\t <\/div>\n\t\t <div class=\"bfd-column\">\n\t\t \t<a href=\"https:\/\/www.franziskus-stiftung-kreuzburg.de\/cms\/bfd_download\/satzung-der-franziskus-stiftung-kreuzburg\/\" title=\"Download Satzung der Franziskus-Stiftung Kreuzburg\" class=\"bfd-download-meta\" download >\n\t\t\t \t<p class=\"bfd-download-title\"><strong>Satzung der Franziskus-Stiftung Kreuzburg<\/strong><\/p>\n\t\t\t \t\t\t\t \t<p class=\"bfd-bottom-zero\">\n\t\t\t \t\t<small>\n\t\t\t \t\t\t Dateityp:pdf Dateigr\u00f6\u00dfe:208,82 KB\t\t\t \t\t<\/small>\n\t\t\t \t<\/p>\n\t\t\t <\/a>\n\t\t<\/div>\n\t\t <div class=\"bfd-column bfd-mime-col\">\n\t\t \t<object data=\"https:\/\/www.franziskus-stiftung-kreuzburg.de\/cms\/wp-content\/plugins\/better-file-download\/public\/partials\/..\/..\/colour-svg-file-types\/pdf.svg\" type=\"image\/svg+xml\" class=\"bfd-svg bfd-icon-img bfd-icon-single\"><\/object>\n\n\t\t<\/div>\n\t<\/div>\n<\/div> <!-- \/.single-download -->\n<br\/>\n<br \/>\n<div class=\"bfd-single-download\" id=\"bfd-single-download-511\">\n\t\t<div class=\"bfd-single-row\">\n\n\t\t\t\t <div class=\"bfd-column bfd-single-button-container\">\n\t\t \t\t\t\t \t\t<a href=\"https:\/\/www.franziskus-stiftung-kreuzburg.de\/cms\/bfd_download\/flyer-der-franziskus-stiftung-kreuzburg\/\" title=\"Download Flyer der Franziskus-Stiftung Kreuzburg\" class=\"bfd-svg-container bfd-single-download-btn\" download >\n\t\t\t\t \t<svg xmlns=\"http:\/\/www.w3.org\/2000\/svg\" width=\"28\" height=\"30\" viewBox=\"0 0 28 30\" version=\"1.1\"><g stroke=\"none\" stroke-width=\"1\" fill=\"none\" fill-rule=\"evenodd\"><g transform=\"translate(-6.000000, -5.000000)\" fill=\"currentColor\"><path d=\"M26.7 21.7L21.7 21.7 21.7 5 18.3 5 18.3 21.7 13.3 21.7 20 28.3 26.7 21.7 26.7 21.7ZM6.7 31.7L6.7 35 33.3 35 33.3 31.7 6.7 31.7 6.7 31.7Z\"\/><\/g><\/g><\/svg>\n\t\t\t\t<\/a>\n\t\t\t\t\t\t <\/div>\n\t\t <div class=\"bfd-column\">\n\t\t \t<a href=\"https:\/\/www.franziskus-stiftung-kreuzburg.de\/cms\/bfd_download\/flyer-der-franziskus-stiftung-kreuzburg\/\" title=\"Download Flyer der Franziskus-Stiftung Kreuzburg\" class=\"bfd-download-meta\" download >\n\t\t\t \t<p class=\"bfd-download-title\"><strong>Flyer der Franziskus-Stiftung Kreuzburg<\/strong><\/p>\n\t\t\t \t\t\t\t \t<p class=\"bfd-bottom-zero\">\n\t\t\t \t\t<small>\n\t\t\t \t\t\t Dateityp:pdf Dateigr\u00f6\u00dfe:1,49 MB\t\t\t \t\t<\/small>\n\t\t\t \t<\/p>\n\t\t\t <\/a>\n\t\t<\/div>\n\t\t <div class=\"bfd-column bfd-mime-col\">\n\t\t \t<object data=\"https:\/\/www.franziskus-stiftung-kreuzburg.de\/cms\/wp-content\/plugins\/better-file-download\/public\/partials\/..\/..\/colour-svg-file-types\/pdf.svg\" type=\"image\/svg+xml\" class=\"bfd-svg bfd-icon-img bfd-icon-single\"><\/object>\n\n\t\t<\/div>\n\t<\/div>\n<\/div> <!-- \/.single-download -->\n<br\/>\n<\/p>\n","protected":false},"excerpt":{"rendered":"<p>Die Satzung der Franziskus-Stiftung Kreuzburg Die Satzung legt die grundlegenden rechtlichen Bestimmungen f\u00fcr die Franziskus-Stiftung Kreuzburg als K\u00f6rperschaft des \u00f6ffentlichen Rechts fest. Sie wurde zum 17.07.2019 errichtet und vom zust\u00e4ndigen Regierungspr\u00e4sident in Darmstadt anerkannt. Insbesondere regelt die Satzung die Aufgaben<\/p>\n","protected":false},"author":1,"featured_media":0,"parent":0,"menu_order":0,"comment_status":"closed","ping_status":"closed","template":"","meta":{"ngg_post_thumbnail":0,"footnotes":""},"class_list":["post-373","page","type-page","status-publish","hentry"],"_links":{"self":[{"href":"https:\/\/www.franziskus-stiftung-kreuzburg.de\/cms\/wp-json\/wp\/v2\/pages\/373","targetHints":{"allow":["GET"]}}],"collection":[{"href":"https:\/\/www.franziskus-stiftung-kreuzburg.de\/cms\/wp-json\/wp\/v2\/pages"}],"about":[{"href":"https:\/\/www.franziskus-stiftung-kreuzburg.de\/cms\/wp-json\/wp\/v2\/types\/page"}],"author":[{"embeddable":true,"href":"https:\/\/www.franziskus-stiftung-kreuzburg.de\/cms\/wp-json\/wp\/v2\/users\/1"}],"replies":[{"embeddable":true,"href":"https:\/\/www.franziskus-stiftung-kreuzburg.de\/cms\/wp-json\/wp\/v2\/comments?post=373"}],"version-history":[{"count":18,"href":"https:\/\/www.franziskus-stiftung-kreuzburg.de\/cms\/wp-json\/wp\/v2\/pages\/373\/revisions"}],"predecessor-version":[{"id":516,"href":"https:\/\/www.franziskus-stiftung-kreuzburg.de\/cms\/wp-json\/wp\/v2\/pages\/373\/revisions\/516"}],"wp:attachment":[{"href":"https:\/\/www.franziskus-stiftung-kreuzburg.de\/cms\/wp-json\/wp\/v2\/media?parent=373"}],"curies":[{"name":"wp","href":"https:\/\/api.w.org\/{rel}","templated":true}]}}