{"id":385,"date":"2019-07-09T09:02:38","date_gmt":"2019-07-09T07:02:38","guid":{"rendered":"http:\/\/www.franziskusstiftung-kreuzburg.de\/cms\/?page_id=385"},"modified":"2019-09-06T07:15:05","modified_gmt":"2019-09-06T05:15:05","slug":"chronik","status":"publish","type":"page","link":"https:\/\/www.franziskus-stiftung-kreuzburg.de\/cms\/chronik\/","title":{"rendered":"Chronik"},"content":{"rendered":"<p>07.08.2019<br \/>\nKonstituierende Sitzung des Stiftungsrates an der Kreuzburg<\/p>\n<p>17.07.2019<br \/>\nAnerkennung der Stiftung durch das zust\u00e4ndige Regierungspr\u00e4sidium Darmstadt und \u00dcbergabe der Stiftungsurkunde<\/p>\n","protected":false},"excerpt":{"rendered":"<p>07.08.2019 Konstituierende Sitzung des Stiftungsrates an der Kreuzburg 17.07.2019 Anerkennung der Stiftung durch das zust\u00e4ndige Regierungspr\u00e4sidium Darmstadt und \u00dcbergabe der Stiftungsurkunde<\/p>\n","protected":false},"author":1,"featured_media":0,"parent":0,"menu_order":0,"comment_status":"closed","ping_status":"closed","template":"","meta":{"ngg_post_thumbnail":0,"footnotes":""},"class_list":["post-385","page","type-page","status-publish","hentry"],"_links":{"self":[{"href":"https:\/\/www.franziskus-stiftung-kreuzburg.de\/cms\/wp-json\/wp\/v2\/pages\/385","targetHints":{"allow":["GET"]}}],"collection":[{"href":"https:\/\/www.franziskus-stiftung-kreuzburg.de\/cms\/wp-json\/wp\/v2\/pages"}],"about":[{"href":"https:\/\/www.franziskus-stiftung-kreuzburg.de\/cms\/wp-json\/wp\/v2\/types\/page"}],"author":[{"embeddable":true,"href":"https:\/\/www.franziskus-stiftung-kreuzburg.de\/cms\/wp-json\/wp\/v2\/users\/1"}],"replies":[{"embeddable":true,"href":"https:\/\/www.franziskus-stiftung-kreuzburg.de\/cms\/wp-json\/wp\/v2\/comments?post=385"}],"version-history":[{"count":5,"href":"https:\/\/www.franziskus-stiftung-kreuzburg.de\/cms\/wp-json\/wp\/v2\/pages\/385\/revisions"}],"predecessor-version":[{"id":496,"href":"https:\/\/www.franziskus-stiftung-kreuzburg.de\/cms\/wp-json\/wp\/v2\/pages\/385\/revisions\/496"}],"wp:attachment":[{"href":"https:\/\/www.franziskus-stiftung-kreuzburg.de\/cms\/wp-json\/wp\/v2\/media?parent=385"}],"curies":[{"name":"wp","href":"https:\/\/api.w.org\/{rel}","templated":true}]}}