{"id":406,"date":"2019-07-09T09:20:50","date_gmt":"2019-07-09T07:20:50","guid":{"rendered":"http:\/\/www.franziskusstiftung-kreuzburg.de\/cms\/?page_id=406"},"modified":"2021-11-29T12:30:00","modified_gmt":"2021-11-29T11:30:00","slug":"kontakt","status":"publish","type":"page","link":"https:\/\/www.franziskus-stiftung-kreuzburg.de\/cms\/kontakt\/","title":{"rendered":"Kontakt"},"content":{"rendered":"<p>Sie k\u00f6nnen sich gerne an uns wenden, um Informationen \u00fcber die Stiftung und ihre Aufgaben zu erhalten.<\/p>\n<p>Franziskus-Stiftung Kreuzburg<br \/>\nGesch\u00e4ftsstelle<br \/>\nNiederwaldstr. 1<br \/>\n63538 Gro\u00dfkrotzenburg<br \/>\nTelefon: 06186 \u2013 916 820<br \/>\nTelefax: 06186 \u2013 916 821\n<\/p>\n<hr \/>\n\n","protected":false},"excerpt":{"rendered":"<p>Sie k\u00f6nnen sich gerne an uns wenden, um Informationen \u00fcber die Stiftung und ihre Aufgaben zu erhalten. Franziskus-Stiftung Kreuzburg Gesch\u00e4ftsstelle Niederwaldstr. 1 63538 Gro\u00dfkrotzenburg Telefon: 06186 \u2013 916 820 Telefax: 06186 \u2013 916 821<\/p>\n","protected":false},"author":1,"featured_media":0,"parent":0,"menu_order":0,"comment_status":"closed","ping_status":"closed","template":"","meta":{"ngg_post_thumbnail":0,"footnotes":""},"class_list":["post-406","page","type-page","status-publish","hentry"],"_links":{"self":[{"href":"https:\/\/www.franziskus-stiftung-kreuzburg.de\/cms\/wp-json\/wp\/v2\/pages\/406","targetHints":{"allow":["GET"]}}],"collection":[{"href":"https:\/\/www.franziskus-stiftung-kreuzburg.de\/cms\/wp-json\/wp\/v2\/pages"}],"about":[{"href":"https:\/\/www.franziskus-stiftung-kreuzburg.de\/cms\/wp-json\/wp\/v2\/types\/page"}],"author":[{"embeddable":true,"href":"https:\/\/www.franziskus-stiftung-kreuzburg.de\/cms\/wp-json\/wp\/v2\/users\/1"}],"replies":[{"embeddable":true,"href":"https:\/\/www.franziskus-stiftung-kreuzburg.de\/cms\/wp-json\/wp\/v2\/comments?post=406"}],"version-history":[{"count":6,"href":"https:\/\/www.franziskus-stiftung-kreuzburg.de\/cms\/wp-json\/wp\/v2\/pages\/406\/revisions"}],"predecessor-version":[{"id":573,"href":"https:\/\/www.franziskus-stiftung-kreuzburg.de\/cms\/wp-json\/wp\/v2\/pages\/406\/revisions\/573"}],"wp:attachment":[{"href":"https:\/\/www.franziskus-stiftung-kreuzburg.de\/cms\/wp-json\/wp\/v2\/media?parent=406"}],"curies":[{"name":"wp","href":"https:\/\/api.w.org\/{rel}","templated":true}]}}