{"id":408,"date":"2019-07-09T09:26:22","date_gmt":"2019-07-09T07:26:22","guid":{"rendered":"http:\/\/www.franziskusstiftung-kreuzburg.de\/cms\/?page_id=408"},"modified":"2019-10-26T08:55:37","modified_gmt":"2019-10-26T06:55:37","slug":"zustiftung","status":"publish","type":"page","link":"https:\/\/www.franziskus-stiftung-kreuzburg.de\/cms\/zustiftung\/","title":{"rendered":"Zustiftung"},"content":{"rendered":"<p>Eine als <em>Zustiftung<\/em> im Verwendungszweck der \u00dcberweisung gekennzeichnete Spende dient der langfristigen Zukunft der Kreuzburg.<\/p>\n<p>Steuerlich wird sie \u00e4hnlich wie eine normale Spende behandelt, mit der M\u00f6glichkeit des erweiterten Sonderausgabenabzugs. Daf\u00fcr muss sie jedoch langfristig angelegt werden. Der Verm\u00f6gensstock der Stiftung wird damit erh\u00f6ht.<\/p>\n<p>Ebenso wie bei Spenden, die aus Anlass der Neugr\u00fcndung in den Verm\u00f6gensstock der Stiftung eingebracht werden (sog. Erstdotation), besteht bei Zuwendungen in den Verm\u00f6gensstock bereits bestehender Stiftungen (Zustiftungen) ein erweiterter steuerrechtlicher Sonderausgabenabzug. Beide Arten von Spenden in den Verm\u00f6gensstock einer gemeinn\u00fctzigen Stiftung (Erstdotationen und Zustiftungen) k\u00f6nnen auf Antrag des Steuerpflichtigen im Jahr der Zuwendung und in den folgenden neun Jahren bis zu einem Gesamtbetrag von 1 Million Euro abgezogen werden (\u00a7 10b Abs. 1a S. 1 EStG). Diese Abzugsm\u00f6glichkeit ist neben dem \u00fcblichen Spendenabzug m\u00f6glich.<\/p>\n<p>Zustiftungen f\u00f6rdern langfristige Planungen, Projekte und Hilfszusagen. Die Ertr\u00e4ge aus der Anlage flie\u00dfen regelm\u00e4\u00dfig und dauerhaft in die durch die Satzung bestimmten Aufgaben der Stiftung.<\/p>\n<p>Zustiftungen sind ab einem Betrag in H\u00f6he von 2.500 EUR m\u00f6glich. Diese kann dann durch Betr\u00e4ge in beliebiger H\u00f6he weiter aufgestockt werden.<\/p>\n<p>Zustiftungen k\u00f6nnen in Form einmaliger oder mehrmaliger, regelm\u00e4\u00dfiger Zuwendungen erfolgen. Auch Immobilien, Grundst\u00fccke, Liegenschaften oder Sachgegenst\u00e4nde k\u00f6nnen als Zustiftung eingebracht werden. M\u00f6glich ist auch eine Zustiftung durch testamentarische Verf\u00fcgung.<\/p>\n<p>Als Stifter erhalten Sie eine Stiftungsurkunde und eine Zuwendungsbest\u00e4tigung zur Vorlage beim Finanzamt.<\/p>\n<p><strong>Unser Konto f\u00fcr Ihre Zustiftung:<\/strong><br \/>\nFranziskus-Stiftung Kreuzburg<br \/>\nSparkasse Hanau<br \/>\nIBAN: DE06 506 50023 0000 134585<br \/>\nBIC: HELADEF1HAN<\/p>\n<div class=\"bfd-single-download\" id=\"bfd-single-download-513\">\n\t\t<div class=\"bfd-single-row\">\n\n\t\t\t\t <div class=\"bfd-column bfd-single-button-container\">\n\t\t \t\t\t\t \t\t<a href=\"https:\/\/www.franziskus-stiftung-kreuzburg.de\/cms\/bfd_download\/informationen-zur-zustiftung-und-zum-spenden\/\" title=\"Download Informationen zur Zustiftung und zum Spenden\" class=\"bfd-svg-container bfd-single-download-btn\" download >\n\t\t\t\t \t<svg xmlns=\"http:\/\/www.w3.org\/2000\/svg\" width=\"28\" height=\"30\" viewBox=\"0 0 28 30\" version=\"1.1\"><g stroke=\"none\" stroke-width=\"1\" fill=\"none\" fill-rule=\"evenodd\"><g transform=\"translate(-6.000000, -5.000000)\" fill=\"currentColor\"><path d=\"M26.7 21.7L21.7 21.7 21.7 5 18.3 5 18.3 21.7 13.3 21.7 20 28.3 26.7 21.7 26.7 21.7ZM6.7 31.7L6.7 35 33.3 35 33.3 31.7 6.7 31.7 6.7 31.7Z\"\/><\/g><\/g><\/svg>\n\t\t\t\t<\/a>\n\t\t\t\t\t\t <\/div>\n\t\t <div class=\"bfd-column\">\n\t\t \t<a href=\"https:\/\/www.franziskus-stiftung-kreuzburg.de\/cms\/bfd_download\/informationen-zur-zustiftung-und-zum-spenden\/\" title=\"Download Informationen zur Zustiftung und zum Spenden\" class=\"bfd-download-meta\" download >\n\t\t\t \t<p class=\"bfd-download-title\"><strong>Informationen zur Zustiftung und zum Spenden<\/strong><\/p>\n\t\t\t \t\t\t\t \t<p class=\"bfd-bottom-zero\">\n\t\t\t \t\t<small>\n\t\t\t \t\t\t Dateityp:pdf Dateigr\u00f6\u00dfe:4,12 MB\t\t\t \t\t<\/small>\n\t\t\t \t<\/p>\n\t\t\t <\/a>\n\t\t<\/div>\n\t\t <div class=\"bfd-column bfd-mime-col\">\n\t\t \t<object data=\"https:\/\/www.franziskus-stiftung-kreuzburg.de\/cms\/wp-content\/plugins\/better-file-download\/public\/partials\/..\/..\/colour-svg-file-types\/pdf.svg\" type=\"image\/svg+xml\" class=\"bfd-svg bfd-icon-img bfd-icon-single\"><\/object>\n\n\t\t<\/div>\n\t<\/div>\n<\/div> <!-- \/.single-download -->\n<br\/>\n\n","protected":false},"excerpt":{"rendered":"<p>Eine als Zustiftung im Verwendungszweck der \u00dcberweisung gekennzeichnete Spende dient der langfristigen Zukunft der Kreuzburg. Steuerlich wird sie \u00e4hnlich wie eine normale Spende behandelt, mit der M\u00f6glichkeit des erweiterten Sonderausgabenabzugs. Daf\u00fcr muss sie jedoch langfristig angelegt werden. Der Verm\u00f6gensstock der<\/p>\n","protected":false},"author":1,"featured_media":0,"parent":0,"menu_order":0,"comment_status":"closed","ping_status":"closed","template":"","meta":{"ngg_post_thumbnail":0,"footnotes":""},"class_list":["post-408","page","type-page","status-publish","hentry"],"_links":{"self":[{"href":"https:\/\/www.franziskus-stiftung-kreuzburg.de\/cms\/wp-json\/wp\/v2\/pages\/408","targetHints":{"allow":["GET"]}}],"collection":[{"href":"https:\/\/www.franziskus-stiftung-kreuzburg.de\/cms\/wp-json\/wp\/v2\/pages"}],"about":[{"href":"https:\/\/www.franziskus-stiftung-kreuzburg.de\/cms\/wp-json\/wp\/v2\/types\/page"}],"author":[{"embeddable":true,"href":"https:\/\/www.franziskus-stiftung-kreuzburg.de\/cms\/wp-json\/wp\/v2\/users\/1"}],"replies":[{"embeddable":true,"href":"https:\/\/www.franziskus-stiftung-kreuzburg.de\/cms\/wp-json\/wp\/v2\/comments?post=408"}],"version-history":[{"count":6,"href":"https:\/\/www.franziskus-stiftung-kreuzburg.de\/cms\/wp-json\/wp\/v2\/pages\/408\/revisions"}],"predecessor-version":[{"id":514,"href":"https:\/\/www.franziskus-stiftung-kreuzburg.de\/cms\/wp-json\/wp\/v2\/pages\/408\/revisions\/514"}],"wp:attachment":[{"href":"https:\/\/www.franziskus-stiftung-kreuzburg.de\/cms\/wp-json\/wp\/v2\/media?parent=408"}],"curies":[{"name":"wp","href":"https:\/\/api.w.org\/{rel}","templated":true}]}}