{"id":411,"date":"2019-07-09T09:28:14","date_gmt":"2019-07-09T07:28:14","guid":{"rendered":"http:\/\/www.franziskusstiftung-kreuzburg.de\/cms\/?page_id=411"},"modified":"2019-10-26T08:55:58","modified_gmt":"2019-10-26T06:55:58","slug":"spenden","status":"publish","type":"page","link":"https:\/\/www.franziskus-stiftung-kreuzburg.de\/cms\/spenden\/","title":{"rendered":"Spenden"},"content":{"rendered":"<p>Wenn Sie sich f\u00fcr eine Spende entscheiden, wird dieser Betrag f\u00fcr die F\u00f6rderung gemeinn\u00fctziger Zwecke oder f\u00fcr ein bestimmtes Projekt verwendet. Die Franziskus-Stiftung Kreuzburg ist als gemeinn\u00fctzig anerkannt, sodass Sie Ihre Spenden bis zu 20 Prozent Ihres zu versteuernden Einkommens beim Finanzamt geltend machen k\u00f6nnen.<\/p>\n<p>Selbstverst\u00e4ndlich senden wir Ihnen eine Spendenquittung zu.<\/p>\n<p>Wenn Sie uns regelm\u00e4\u00dfig unterst\u00fctzen, erhalten Sie von uns eine Gesamtspendenbescheinigung im Folgejahr Ihrer Einzahlung.<\/p>\n<p>Gerne stehen wir Ihnen f\u00fcr R\u00fcckfragen zur Verf\u00fcgung. Wir freuen uns auf Ihre <a href=\"\/cms\/kontakt\/\">Kontaktaufnahme<\/a>.<\/p>\n<p><strong>Unser Konto f\u00fcr Ihre Spende:<\/strong><br \/>\nFranziskus-Stiftung Kreuzburg<br \/>\nSparkasse Hanau<br \/>\nIBAN: DE06 506 50023 0000 134585<br \/>\nBIC: HELADEF1HAN<\/p>\n<div class=\"bfd-single-download\" id=\"bfd-single-download-513\">\n\t\t<div class=\"bfd-single-row\">\n\n\t\t\t\t <div class=\"bfd-column bfd-single-button-container\">\n\t\t \t\t\t\t \t\t<a href=\"https:\/\/www.franziskus-stiftung-kreuzburg.de\/cms\/bfd_download\/informationen-zur-zustiftung-und-zum-spenden\/\" title=\"Download Informationen zur Zustiftung und zum Spenden\" class=\"bfd-svg-container bfd-single-download-btn\" download >\n\t\t\t\t \t<svg xmlns=\"http:\/\/www.w3.org\/2000\/svg\" width=\"28\" height=\"30\" viewBox=\"0 0 28 30\" version=\"1.1\"><g stroke=\"none\" stroke-width=\"1\" fill=\"none\" fill-rule=\"evenodd\"><g transform=\"translate(-6.000000, -5.000000)\" fill=\"currentColor\"><path d=\"M26.7 21.7L21.7 21.7 21.7 5 18.3 5 18.3 21.7 13.3 21.7 20 28.3 26.7 21.7 26.7 21.7ZM6.7 31.7L6.7 35 33.3 35 33.3 31.7 6.7 31.7 6.7 31.7Z\"\/><\/g><\/g><\/svg>\n\t\t\t\t<\/a>\n\t\t\t\t\t\t <\/div>\n\t\t <div class=\"bfd-column\">\n\t\t \t<a href=\"https:\/\/www.franziskus-stiftung-kreuzburg.de\/cms\/bfd_download\/informationen-zur-zustiftung-und-zum-spenden\/\" title=\"Download Informationen zur Zustiftung und zum Spenden\" class=\"bfd-download-meta\" download >\n\t\t\t \t<p class=\"bfd-download-title\"><strong>Informationen zur Zustiftung und zum Spenden<\/strong><\/p>\n\t\t\t \t\t\t\t \t<p class=\"bfd-bottom-zero\">\n\t\t\t \t\t<small>\n\t\t\t \t\t\t Dateityp:pdf Dateigr\u00f6\u00dfe:4,12 MB\t\t\t \t\t<\/small>\n\t\t\t \t<\/p>\n\t\t\t <\/a>\n\t\t<\/div>\n\t\t <div class=\"bfd-column bfd-mime-col\">\n\t\t \t<object data=\"https:\/\/www.franziskus-stiftung-kreuzburg.de\/cms\/wp-content\/plugins\/better-file-download\/public\/partials\/..\/..\/colour-svg-file-types\/pdf.svg\" type=\"image\/svg+xml\" class=\"bfd-svg bfd-icon-img bfd-icon-single\"><\/object>\n\n\t\t<\/div>\n\t<\/div>\n<\/div> <!-- \/.single-download -->\n<br\/>\n\n","protected":false},"excerpt":{"rendered":"<p>Wenn Sie sich f\u00fcr eine Spende entscheiden, wird dieser Betrag f\u00fcr die F\u00f6rderung gemeinn\u00fctziger Zwecke oder f\u00fcr ein bestimmtes Projekt verwendet. Die Franziskus-Stiftung Kreuzburg ist als gemeinn\u00fctzig anerkannt, sodass Sie Ihre Spenden bis zu 20 Prozent Ihres zu versteuernden Einkommens<\/p>\n","protected":false},"author":1,"featured_media":0,"parent":0,"menu_order":0,"comment_status":"closed","ping_status":"closed","template":"","meta":{"ngg_post_thumbnail":0,"footnotes":""},"class_list":["post-411","page","type-page","status-publish","hentry"],"_links":{"self":[{"href":"https:\/\/www.franziskus-stiftung-kreuzburg.de\/cms\/wp-json\/wp\/v2\/pages\/411","targetHints":{"allow":["GET"]}}],"collection":[{"href":"https:\/\/www.franziskus-stiftung-kreuzburg.de\/cms\/wp-json\/wp\/v2\/pages"}],"about":[{"href":"https:\/\/www.franziskus-stiftung-kreuzburg.de\/cms\/wp-json\/wp\/v2\/types\/page"}],"author":[{"embeddable":true,"href":"https:\/\/www.franziskus-stiftung-kreuzburg.de\/cms\/wp-json\/wp\/v2\/users\/1"}],"replies":[{"embeddable":true,"href":"https:\/\/www.franziskus-stiftung-kreuzburg.de\/cms\/wp-json\/wp\/v2\/comments?post=411"}],"version-history":[{"count":4,"href":"https:\/\/www.franziskus-stiftung-kreuzburg.de\/cms\/wp-json\/wp\/v2\/pages\/411\/revisions"}],"predecessor-version":[{"id":515,"href":"https:\/\/www.franziskus-stiftung-kreuzburg.de\/cms\/wp-json\/wp\/v2\/pages\/411\/revisions\/515"}],"wp:attachment":[{"href":"https:\/\/www.franziskus-stiftung-kreuzburg.de\/cms\/wp-json\/wp\/v2\/media?parent=411"}],"curies":[{"name":"wp","href":"https:\/\/api.w.org\/{rel}","templated":true}]}}