{"id":429,"date":"2019-07-10T18:28:14","date_gmt":"2019-07-10T16:28:14","guid":{"rendered":"http:\/\/www.franziskus-stiftung-kreuzburg.de\/cms\/?page_id=429"},"modified":"2024-08-07T12:39:50","modified_gmt":"2024-08-07T10:39:50","slug":"impressum","status":"publish","type":"page","link":"https:\/\/www.franziskus-stiftung-kreuzburg.de\/cms\/impressum\/","title":{"rendered":"Impressum"},"content":{"rendered":"<p><strong>Angaben gem\u00e4\u00df \u00a7 5 TMG:<\/strong><\/p>\n<p>Franziskus-Stiftung Kreuzburg<br \/>\nGesch\u00e4ftsstelle<br \/>\nNiederwaldstra\u00dfe 1<br \/>\n63538 Gro\u00dfkrotzenburg<\/p>\n<p><strong>Kontakt:<\/strong><\/p>\n<p>Telefon: 06186 \u2013 918 820<br \/>\nE-Mail: <a href=\"\/cms\/kontakt\/\">Kontaktformular<\/a><\/p>\n<p><strong>Verantwortlich f\u00fcr den Inhalt nach \u00a7 55 Abs. 2 RStV:<\/strong><\/p>\n<p>Elke Hohmann<br \/>\nNiederwaldstra\u00dfe 1<br \/>\n63538 Gro\u00dfkrotzenburg<\/p>\n<p>Die Franziskus-Stiftung Kreuzburg ist eine rechtsf\u00e4hige Stiftung b\u00fcrgerlichen Rechts.<\/p>\n<p><u>Vertretungsberechtigter Stiftungsvorstand:<\/u><br \/>\nElke Hohmann<br \/>\nBr. Michael Blasek OFM<\/p>\n<p><u>Stiftungsrat:<\/u><br \/>\nBr. Markus Fuhrmann OFM, Vorsitzender<br \/>\nUlrich Hilbert<br \/>\nVolkmar Spielmann<\/p>\n<p><u>Zust\u00e4ndige Aufsichtsbeh\u00f6rde:<\/u><br \/>\nRegierungspr\u00e4sidium Darmstadt<\/p>\n<p><strong>Bankverbindung<\/strong><\/p>\n<p>Franziskus-Stiftung Kreuzburg<br \/>\nSparkasse Hanau<br \/>\nIBAN: DE06 506 50023 0000 134585<br \/>\nBIC: HELADEF1HAN<\/p>\n<p><strong>Erstellung der Webseite<\/strong><\/p>\n<p>Heiko Sauer<\/p>\n<h4>Haftungsausschluss<\/h4>\n<p><strong>Haftung f\u00fcr Inhalte<\/strong><\/p>\n<p>Die Inhalte unserer Seiten wurden mit gr\u00f6\u00dfter Sorgfalt erstellt. F\u00fcr die Richtigkeit, Vollst\u00e4ndigkeit und Aktualit\u00e4t der Inhalte k\u00f6nnen wir jedoch keine Gew\u00e4hr \u00fcbernehmen. Als Diensteanbieter sind wir gem\u00e4\u00df \u00a7 7 Abs.1 TMG f\u00fcr eigene Inhalte auf diesen Seiten nach den allgemeinen Gesetzen verantwortlich. Nach \u00a7\u00a7 8 bis 10 TMG sind wir als Diensteanbieter jedoch nicht verpflichtet, \u00fcbermittelte oder gespeicherte fremde Informationen zu \u00fcberwachen oder nach Umst\u00e4nden zu forschen, die auf eine rechtswidrige T\u00e4tigkeit hinweisen. Verpflichtungen zur Entfernung oder Sperrung der Nutzung von Informationen nach den allgemeinen Gesetzen bleiben hiervon unber\u00fchrt. Eine diesbez\u00fcgliche Haftung ist jedoch erst ab dem Zeitpunkt der Kenntnis einer konkreten Rechtsverletzung m\u00f6glich. Bei Bekanntwerden von entsprechenden Rechtsverletzungen werden wir diese Inhalte umgehend entfernen.<\/p>\n<p><strong>Haftung f\u00fcr Links<\/strong><\/p>\n<p>Unser Angebot enth\u00e4lt Links zu externen Webseiten Dritter, auf deren Inhalte wir keinen Einfluss haben. Deshalb k\u00f6nnen wir f\u00fcr diese fremden Inhalte auch keine Gew\u00e4hr \u00fcbernehmen. F\u00fcr die Inhalte der verlinkten Seiten ist stets der jeweilige Anbieter oder Betreiber der Seiten verantwortlich. Die verlinkten Seiten wurden zum Zeitpunkt der Verlinkung auf m\u00f6gliche Rechtsverst\u00f6\u00dfe \u00fcberpr\u00fcft. Rechtswidrige Inhalte waren zum Zeitpunkt der Verlinkung nicht erkennbar. Eine permanente inhaltliche Kontrolle der verlinkten Seiten ist jedoch ohne konkrete Anhaltspunkte einer Rechtsverletzung nicht zumutbar. Bei Bekanntwerden von Rechtsverletzungen werden wir derartige Links umgehend entfernen.<\/p>\n<p><strong>Urheberrecht<\/strong><\/p>\n<p>Die durch die Seitenbetreiber erstellten Inhalte und Werke auf diesen Seiten unterliegen dem deutschen Urheberrecht. Die Vervielf\u00e4ltigung, Bearbeitung, Verbreitung und jede Art der Verwertung au\u00dferhalb der Grenzen des Urheberrechtes bed\u00fcrfen der schriftlichen Zustimmung des jeweiligen Autors bzw. Erstellers. Downloads und Kopien dieser Seite sind nur f\u00fcr den privaten, nicht kommerziellen Gebrauch gestattet. Soweit die Inhalte auf dieser Seite nicht vom Betreiber erstellt wurden, werden die Urheberrechte Dritter beachtet. Insbesondere werden Inhalte Dritter als solche gekennzeichnet. Sollten Sie trotzdem auf eine Urheberrechtsverletzung aufmerksam werden, bitten wir um einen entsprechenden Hinweis. Bei Bekanntwerden von Rechtsverletzungen werden wir derartige Inhalte umgehend entfernen.<\/p>\n<p><strong>Datenschutz<\/strong><\/p>\n<p>Ausf\u00fchrliche Informationen finden Sie in unserer <a href=\"\/cms\/datenschutzerklaerung\/\">Datenschutzerkl\u00e4rung<\/a>.<\/p>\n<p>Quellverweis: Disclaimer <a href=\"https:\/\/anonym.to\/?http:\/\/www.e-recht24.de\/\" target=\"_blank\" rel=\"noopener noreferrer\">eRecht24<\/a>.<\/p>\n<hr \/>\n<p><small>Verwendetes Theme: <a href=\"https:\/\/anonym.to\/?https:\/\/themegrill.com\/themes\/accelerate\/\">Accelerate<\/a> von ThemeGrill<\/small><\/p>\n","protected":false},"excerpt":{"rendered":"<p>Angaben gem\u00e4\u00df \u00a7 5 TMG: Franziskus-Stiftung Kreuzburg Gesch\u00e4ftsstelle Niederwaldstra\u00dfe 1 63538 Gro\u00dfkrotzenburg Kontakt: Telefon: 06186 \u2013 918 820 E-Mail: Kontaktformular Verantwortlich f\u00fcr den Inhalt nach \u00a7 55 Abs. 2 RStV: Elke Hohmann Niederwaldstra\u00dfe 1 63538 Gro\u00dfkrotzenburg Die Franziskus-Stiftung Kreuzburg ist<\/p>\n","protected":false},"author":1,"featured_media":0,"parent":0,"menu_order":0,"comment_status":"closed","ping_status":"closed","template":"","meta":{"ngg_post_thumbnail":0,"footnotes":""},"class_list":["post-429","page","type-page","status-publish","hentry"],"_links":{"self":[{"href":"https:\/\/www.franziskus-stiftung-kreuzburg.de\/cms\/wp-json\/wp\/v2\/pages\/429","targetHints":{"allow":["GET"]}}],"collection":[{"href":"https:\/\/www.franziskus-stiftung-kreuzburg.de\/cms\/wp-json\/wp\/v2\/pages"}],"about":[{"href":"https:\/\/www.franziskus-stiftung-kreuzburg.de\/cms\/wp-json\/wp\/v2\/types\/page"}],"author":[{"embeddable":true,"href":"https:\/\/www.franziskus-stiftung-kreuzburg.de\/cms\/wp-json\/wp\/v2\/users\/1"}],"replies":[{"embeddable":true,"href":"https:\/\/www.franziskus-stiftung-kreuzburg.de\/cms\/wp-json\/wp\/v2\/comments?post=429"}],"version-history":[{"count":15,"href":"https:\/\/www.franziskus-stiftung-kreuzburg.de\/cms\/wp-json\/wp\/v2\/pages\/429\/revisions"}],"predecessor-version":[{"id":588,"href":"https:\/\/www.franziskus-stiftung-kreuzburg.de\/cms\/wp-json\/wp\/v2\/pages\/429\/revisions\/588"}],"wp:attachment":[{"href":"https:\/\/www.franziskus-stiftung-kreuzburg.de\/cms\/wp-json\/wp\/v2\/media?parent=429"}],"curies":[{"name":"wp","href":"https:\/\/api.w.org\/{rel}","templated":true}]}}